{"id":383,"date":"2023-11-04T10:18:31","date_gmt":"2023-11-04T09:18:31","guid":{"rendered":"http:\/\/wheelcome.net\/?page_id=383"},"modified":"2025-12-31T11:20:47","modified_gmt":"2025-12-31T10:20:47","slug":"contact","status":"publish","type":"page","link":"https:\/\/wheelcome.net\/index.php\/contact\/","title":{"rendered":"La Newsletter"},"content":{"rendered":"\n<p>En plus des articles sur ce blog, je publie \u00e9galement une newsletter, dans laquelle je devise avec mon ami Walid le valide ! Pour la recevoir directement dans votre boite mail, <a href=\"https:\/\/walidlevalide.kessel.media?source_type=social_network\">inscrivez-vous ici <\/a>(m\u00eame si vous ne vous appelez pas Walid).<\/p>\n\n\n\n<p>Si vous pr\u00e9f\u00e9rez la version audio, les newsletters sont \u00e9galement disponibles <a href=\"https:\/\/smartlink.ausha.co\/walid-le-valide\">en podcast sur toutes vos platesformes pr\u00e9f\u00e9r\u00e9es<\/a>. <\/p>\n\n\n<div class=\"wp-block-image\">\n<figure class=\"aligncenter size-full\"><img loading=\"lazy\" decoding=\"async\" width=\"1200\" height=\"1200\" src=\"https:\/\/wheelcome.net\/wp-content\/uploads\/2025\/12\/Sinscrire-a-la-newsletter.png\" alt=\"Illustration de la newsletter Walid le valide, on voit une femme en fauteuil roulant \u00e9lectrique en train de discuter avec un jeune homme \u00e0 une table de caf\u00e9. Lien clicable pour s'inscrire \u00e0 la newsletter.\" class=\"wp-image-652\" srcset=\"https:\/\/wheelcome.net\/wp-content\/uploads\/2025\/12\/Sinscrire-a-la-newsletter.png 1200w, https:\/\/wheelcome.net\/wp-content\/uploads\/2025\/12\/Sinscrire-a-la-newsletter-300x300.png 300w, https:\/\/wheelcome.net\/wp-content\/uploads\/2025\/12\/Sinscrire-a-la-newsletter-1024x1024.png 1024w, https:\/\/wheelcome.net\/wp-content\/uploads\/2025\/12\/Sinscrire-a-la-newsletter-150x150.png 150w, https:\/\/wheelcome.net\/wp-content\/uploads\/2025\/12\/Sinscrire-a-la-newsletter-768x768.png 768w\" sizes=\"auto, (max-width: 1200px) 100vw, 1200px\" \/><\/figure>\n<\/div>\n\n\n<p class=\"has-text-align-center\"><strong>Vous pouvez me joindre par e-mail en \u00e9crivant \u00e0 charlotte@wheelcome.net<\/strong><\/p>\n\n\n\n<p><\/p>\n\n\n\n<p><\/p>\n","protected":false},"excerpt":{"rendered":"<p>En plus des articles sur ce blog, je publie \u00e9galement une newsletter, dans laquelle je devise avec mon ami Walid le valide ! Pour la recevoir directement dans votre boite mail, inscrivez-vous ici (m\u00eame si vous ne vous appelez pas Walid). Si vous pr\u00e9f\u00e9rez la version audio, les newsletters sont \u00e9galement disponibles en podcast sur [&hellip;]<\/p>\n","protected":false},"author":2,"featured_media":0,"parent":0,"menu_order":0,"comment_status":"closed","ping_status":"closed","template":"","meta":{"footnotes":""},"class_list":["post-383","page","type-page","status-publish","hentry"],"yoast_head":"<!-- This site is optimized with the Yoast SEO plugin v26.6 - https:\/\/yoast.com\/wordpress\/plugins\/seo\/ -->\n<title>La Newsletter - Wheelcome<\/title>\n<meta name=\"robots\" content=\"index, follow, max-snippet:-1, max-image-preview:large, max-video-preview:-1\" \/>\n<link rel=\"canonical\" href=\"https:\/\/wheelcome.net\/index.php\/contact\/\" \/>\n<meta property=\"og:locale\" content=\"fr_FR\" \/>\n<meta property=\"og:type\" content=\"article\" \/>\n<meta property=\"og:title\" content=\"La Newsletter - Wheelcome\" \/>\n<meta property=\"og:description\" content=\"En plus des articles sur ce blog, je publie \u00e9galement une newsletter, dans laquelle je devise avec mon ami Walid le valide ! Pour la recevoir directement dans votre boite mail, inscrivez-vous ici (m\u00eame si vous ne vous appelez pas Walid). Si vous pr\u00e9f\u00e9rez la version audio, les newsletters sont \u00e9galement disponibles en podcast sur [&hellip;]\" \/>\n<meta property=\"og:url\" content=\"https:\/\/wheelcome.net\/index.php\/contact\/\" \/>\n<meta property=\"og:site_name\" content=\"Wheelcome\" \/>\n<meta property=\"article:modified_time\" content=\"2025-12-31T10:20:47+00:00\" \/>\n<meta property=\"og:image\" content=\"https:\/\/wheelcome.net\/wp-content\/uploads\/2025\/12\/Sinscrire-a-la-newsletter.png\" \/>\n<meta name=\"twitter:card\" content=\"summary_large_image\" \/>\n<meta name=\"twitter:label1\" content=\"Dur\u00e9e de lecture estim\u00e9e\" \/>\n\t<meta name=\"twitter:data1\" content=\"1 minute\" \/>\n<script type=\"application\/ld+json\" class=\"yoast-schema-graph\">{\"@context\":\"https:\/\/schema.org\",\"@graph\":[{\"@type\":\"WebPage\",\"@id\":\"https:\/\/wheelcome.net\/index.php\/contact\/\",\"url\":\"https:\/\/wheelcome.net\/index.php\/contact\/\",\"name\":\"La Newsletter - Wheelcome\",\"isPartOf\":{\"@id\":\"https:\/\/wheelcome.net\/#website\"},\"primaryImageOfPage\":{\"@id\":\"https:\/\/wheelcome.net\/index.php\/contact\/#primaryimage\"},\"image\":{\"@id\":\"https:\/\/wheelcome.net\/index.php\/contact\/#primaryimage\"},\"thumbnailUrl\":\"https:\/\/wheelcome.net\/wp-content\/uploads\/2025\/12\/Sinscrire-a-la-newsletter.png\",\"datePublished\":\"2023-11-04T09:18:31+00:00\",\"dateModified\":\"2025-12-31T10:20:47+00:00\",\"breadcrumb\":{\"@id\":\"https:\/\/wheelcome.net\/index.php\/contact\/#breadcrumb\"},\"inLanguage\":\"fr-FR\",\"potentialAction\":[{\"@type\":\"ReadAction\",\"target\":[\"https:\/\/wheelcome.net\/index.php\/contact\/\"]}]},{\"@type\":\"ImageObject\",\"inLanguage\":\"fr-FR\",\"@id\":\"https:\/\/wheelcome.net\/index.php\/contact\/#primaryimage\",\"url\":\"https:\/\/wheelcome.net\/wp-content\/uploads\/2025\/12\/Sinscrire-a-la-newsletter.png\",\"contentUrl\":\"https:\/\/wheelcome.net\/wp-content\/uploads\/2025\/12\/Sinscrire-a-la-newsletter.png\",\"width\":1200,\"height\":1200,\"caption\":\"Illustration de la newsletter Walid le valide, on voit une femme en fauteuil roulant \u00e9lectrique en train de discuter avec un jeune homme \u00e0 une table de caf\u00e9. Lien clicable pour s'inscrire \u00e0 la newsletter.\"},{\"@type\":\"BreadcrumbList\",\"@id\":\"https:\/\/wheelcome.net\/index.php\/contact\/#breadcrumb\",\"itemListElement\":[{\"@type\":\"ListItem\",\"position\":1,\"name\":\"Accueil\",\"item\":\"https:\/\/wheelcome.net\/\"},{\"@type\":\"ListItem\",\"position\":2,\"name\":\"La Newsletter\"}]},{\"@type\":\"WebSite\",\"@id\":\"https:\/\/wheelcome.net\/#website\",\"url\":\"https:\/\/wheelcome.net\/\",\"name\":\"Wheelcome\",\"description\":\"Les aventures de Charlotte de Vilmorin - une femme debout bien assise.\",\"publisher\":{\"@id\":\"https:\/\/wheelcome.net\/#organization\"},\"potentialAction\":[{\"@type\":\"SearchAction\",\"target\":{\"@type\":\"EntryPoint\",\"urlTemplate\":\"https:\/\/wheelcome.net\/?s={search_term_string}\"},\"query-input\":{\"@type\":\"PropertyValueSpecification\",\"valueRequired\":true,\"valueName\":\"search_term_string\"}}],\"inLanguage\":\"fr-FR\"},{\"@type\":\"Organization\",\"@id\":\"https:\/\/wheelcome.net\/#organization\",\"name\":\"Wheelcome\",\"url\":\"https:\/\/wheelcome.net\/\",\"logo\":{\"@type\":\"ImageObject\",\"inLanguage\":\"fr-FR\",\"@id\":\"https:\/\/wheelcome.net\/#\/schema\/logo\/image\/\",\"url\":\"https:\/\/wheelcome.net\/wp-content\/uploads\/2022\/07\/cropped-logo-wheelcome-1.png\",\"contentUrl\":\"https:\/\/wheelcome.net\/wp-content\/uploads\/2022\/07\/cropped-logo-wheelcome-1.png\",\"width\":1080,\"height\":1080,\"caption\":\"Wheelcome\"},\"image\":{\"@id\":\"https:\/\/wheelcome.net\/#\/schema\/logo\/image\/\"}}]}<\/script>\n<!-- \/ Yoast SEO plugin. -->","yoast_head_json":{"title":"La Newsletter - Wheelcome","robots":{"index":"index","follow":"follow","max-snippet":"max-snippet:-1","max-image-preview":"max-image-preview:large","max-video-preview":"max-video-preview:-1"},"canonical":"https:\/\/wheelcome.net\/index.php\/contact\/","og_locale":"fr_FR","og_type":"article","og_title":"La Newsletter - Wheelcome","og_description":"En plus des articles sur ce blog, je publie \u00e9galement une newsletter, dans laquelle je devise avec mon ami Walid le valide ! Pour la recevoir directement dans votre boite mail, inscrivez-vous ici (m\u00eame si vous ne vous appelez pas Walid). Si vous pr\u00e9f\u00e9rez la version audio, les newsletters sont \u00e9galement disponibles en podcast sur [&hellip;]","og_url":"https:\/\/wheelcome.net\/index.php\/contact\/","og_site_name":"Wheelcome","article_modified_time":"2025-12-31T10:20:47+00:00","og_image":[{"url":"https:\/\/wheelcome.net\/wp-content\/uploads\/2025\/12\/Sinscrire-a-la-newsletter.png","type":"","width":"","height":""}],"twitter_card":"summary_large_image","twitter_misc":{"Dur\u00e9e de lecture estim\u00e9e":"1 minute"},"schema":{"@context":"https:\/\/schema.org","@graph":[{"@type":"WebPage","@id":"https:\/\/wheelcome.net\/index.php\/contact\/","url":"https:\/\/wheelcome.net\/index.php\/contact\/","name":"La Newsletter - Wheelcome","isPartOf":{"@id":"https:\/\/wheelcome.net\/#website"},"primaryImageOfPage":{"@id":"https:\/\/wheelcome.net\/index.php\/contact\/#primaryimage"},"image":{"@id":"https:\/\/wheelcome.net\/index.php\/contact\/#primaryimage"},"thumbnailUrl":"https:\/\/wheelcome.net\/wp-content\/uploads\/2025\/12\/Sinscrire-a-la-newsletter.png","datePublished":"2023-11-04T09:18:31+00:00","dateModified":"2025-12-31T10:20:47+00:00","breadcrumb":{"@id":"https:\/\/wheelcome.net\/index.php\/contact\/#breadcrumb"},"inLanguage":"fr-FR","potentialAction":[{"@type":"ReadAction","target":["https:\/\/wheelcome.net\/index.php\/contact\/"]}]},{"@type":"ImageObject","inLanguage":"fr-FR","@id":"https:\/\/wheelcome.net\/index.php\/contact\/#primaryimage","url":"https:\/\/wheelcome.net\/wp-content\/uploads\/2025\/12\/Sinscrire-a-la-newsletter.png","contentUrl":"https:\/\/wheelcome.net\/wp-content\/uploads\/2025\/12\/Sinscrire-a-la-newsletter.png","width":1200,"height":1200,"caption":"Illustration de la newsletter Walid le valide, on voit une femme en fauteuil roulant \u00e9lectrique en train de discuter avec un jeune homme \u00e0 une table de caf\u00e9. Lien clicable pour s'inscrire \u00e0 la newsletter."},{"@type":"BreadcrumbList","@id":"https:\/\/wheelcome.net\/index.php\/contact\/#breadcrumb","itemListElement":[{"@type":"ListItem","position":1,"name":"Accueil","item":"https:\/\/wheelcome.net\/"},{"@type":"ListItem","position":2,"name":"La Newsletter"}]},{"@type":"WebSite","@id":"https:\/\/wheelcome.net\/#website","url":"https:\/\/wheelcome.net\/","name":"Wheelcome","description":"Les aventures de Charlotte de Vilmorin - une femme debout bien assise.","publisher":{"@id":"https:\/\/wheelcome.net\/#organization"},"potentialAction":[{"@type":"SearchAction","target":{"@type":"EntryPoint","urlTemplate":"https:\/\/wheelcome.net\/?s={search_term_string}"},"query-input":{"@type":"PropertyValueSpecification","valueRequired":true,"valueName":"search_term_string"}}],"inLanguage":"fr-FR"},{"@type":"Organization","@id":"https:\/\/wheelcome.net\/#organization","name":"Wheelcome","url":"https:\/\/wheelcome.net\/","logo":{"@type":"ImageObject","inLanguage":"fr-FR","@id":"https:\/\/wheelcome.net\/#\/schema\/logo\/image\/","url":"https:\/\/wheelcome.net\/wp-content\/uploads\/2022\/07\/cropped-logo-wheelcome-1.png","contentUrl":"https:\/\/wheelcome.net\/wp-content\/uploads\/2022\/07\/cropped-logo-wheelcome-1.png","width":1080,"height":1080,"caption":"Wheelcome"},"image":{"@id":"https:\/\/wheelcome.net\/#\/schema\/logo\/image\/"}}]}},"_links":{"self":[{"href":"https:\/\/wheelcome.net\/index.php\/wp-json\/wp\/v2\/pages\/383","targetHints":{"allow":["GET"]}}],"collection":[{"href":"https:\/\/wheelcome.net\/index.php\/wp-json\/wp\/v2\/pages"}],"about":[{"href":"https:\/\/wheelcome.net\/index.php\/wp-json\/wp\/v2\/types\/page"}],"author":[{"embeddable":true,"href":"https:\/\/wheelcome.net\/index.php\/wp-json\/wp\/v2\/users\/2"}],"replies":[{"embeddable":true,"href":"https:\/\/wheelcome.net\/index.php\/wp-json\/wp\/v2\/comments?post=383"}],"version-history":[{"count":12,"href":"https:\/\/wheelcome.net\/index.php\/wp-json\/wp\/v2\/pages\/383\/revisions"}],"predecessor-version":[{"id":662,"href":"https:\/\/wheelcome.net\/index.php\/wp-json\/wp\/v2\/pages\/383\/revisions\/662"}],"wp:attachment":[{"href":"https:\/\/wheelcome.net\/index.php\/wp-json\/wp\/v2\/media?parent=383"}],"curies":[{"name":"wp","href":"https:\/\/api.w.org\/{rel}","templated":true}]}}