{"id":348,"date":"2023-11-02T21:00:45","date_gmt":"2023-11-02T20:00:45","guid":{"rendered":"http:\/\/wheelcome.net\/?page_id=348"},"modified":"2026-04-09T16:14:53","modified_gmt":"2026-04-09T14:14:53","slug":"charlotte-de-vilmorin-biographie","status":"publish","type":"page","link":"https:\/\/wheelcome.net\/index.php\/charlotte-de-vilmorin-biographie\/","title":{"rendered":"Qui suis-je ?"},"content":{"rendered":"\n<p>Je m&rsquo;appelle Charlotte de Vilmorin, je suis n\u00e9e en 1990, j&rsquo;ai grandi et je vis \u00e0 Paris et j&rsquo;ai toujours \u00e9t\u00e9 en fauteuil.<\/p>\n\n\n<div class=\"wp-block-image\">\n<figure class=\"aligncenter size-full is-resized\"><img loading=\"lazy\" decoding=\"async\" width=\"720\" height=\"738\" src=\"http:\/\/wheelcome.net\/wp-content\/uploads\/2023\/11\/Capture-decran-2018-11-16-a-08.16.13.png\" alt=\"\" class=\"wp-image-351\" style=\"aspect-ratio:0.975609756097561;width:370px;height:auto\" srcset=\"https:\/\/wheelcome.net\/wp-content\/uploads\/2023\/11\/Capture-decran-2018-11-16-a-08.16.13.png 720w, https:\/\/wheelcome.net\/wp-content\/uploads\/2023\/11\/Capture-decran-2018-11-16-a-08.16.13-293x300.png 293w\" sizes=\"auto, (max-width: 720px) 100vw, 720px\" \/><\/figure>\n<\/div>\n\n\n<p>J&rsquo;ai cr\u00e9\u00e9 ce blog un dimanche soir pluvieux de novembre 2012, pour raconter avec humour \u00e0 mes copains mes gal\u00e8res dans les transports et autres lieux inaccessibles. Je ne m&rsquo;y attendais pas du tout mais <a href=\"http:\/\/wheelcome.net\/index.php\/2012\/11\/12\/ratp-mon-amour-ou-le-calvaire-du-rer\/\" data-type=\"post\" data-id=\"30\">cet article<\/a> a imm\u00e9diatement fait le buzz, et ma vie a chang\u00e9. Tout \u00e0 coup je me suis retrouv\u00e9e invit\u00e9e \u00e0 parler dans plein de m\u00e9dias au nom de tous mes compatriotes \u00e0 roulettes, alors que moi le handicap, je le vis mais je n&rsquo;y connaissais pas grand chose. <\/p>\n\n\n\n<p>J&rsquo;ai alors d\u00e9cid\u00e9 de prendre le probl\u00e8me de la mobilit\u00e9 r\u00e9duite \u00e0 bras le corps, et en 2014 j&rsquo;ai quitt\u00e9 mon job dans une agence de pub pour cr\u00e9er une startup : <a href=\"http:\/\/wheeliz.com\" data-type=\"link\" data-id=\"http:\/\/wheeliz.com\">Wheeliz<\/a>. <\/p>\n\n\n\n<iframe loading=\"lazy\" width=\"560\" height=\"315\" src=\"https:\/\/www.youtube.com\/embed\/LBkZmVDM3cI?si=QD4XETnv_0vjcdmb\" title=\"YouTube video player\" frameborder=\"0\" allow=\"accelerometer; autoplay; clipboard-write; encrypted-media; gyroscope; picture-in-picture; web-share\" allowfullscreen><\/iframe>\n\n\n\n<p>En 2015 j&rsquo;ai \u00e9crit mon premier livre, <em>Ne dites pas \u00e0 ma m\u00e8re que je suis handicap\u00e9e, elle me croit trap\u00e9ziste dans un cirque<\/em>, une auto-fiction publi\u00e9e chez Grasset.  <\/p>\n\n\n\n<p>En 2021 j&rsquo;ai c\u00e9d\u00e9 les r\u00eanes de Wheeliz \u00e0 <a href=\"https:\/\/www.apf-francehandicap.org\/\">APF France handicap<\/a>, association historique de d\u00e9fense des droits des personnes en situation de handicap.<\/p>\n\n\n\n<p>En 2023, j&rsquo;ai cofond\u00e9 une nouvelle entreprise, <a href=\"https:\/\/www.newav.eu\/\">NEWAV<\/a>, dont la mission est de rendre la voiture de demain accessible \u00e0 ceux qui en ont le plus besoin. Avec mes associ\u00e9s nous avons travaill\u00e9 \u00e0 la cr\u00e9ation de la premi\u00e8re voiture \u00e9lectrique accessible aux personnes \u00e0 mobilit\u00e9 r\u00e9duite et au lancement d&rsquo;<a href=\"http:\/\/abiliz.eu\">Abiliz<\/a>, la premi\u00e8re offre de leasing d\u00e9di\u00e9e aux personnes en fauteuil.<\/p>\n\n\n\n<p>En mars 2024 j\u2019ai sorti un nouveau livre chez Grasset : <em><a href=\"https:\/\/www.fnac.com\/SearchResult\/ResultList.aspx?Search=ceci+est+mon+corps&amp;sft=1&amp;sa=1\">Ceci est mon corps<\/a><\/em>.<\/p>\n\n\n\n<p>En juin, je me suis pr\u00e9sent\u00e9e aux \u00e9lections l\u00e9gislatives dans la 10\u00e8me circonscription de Paris, sans \u00e9tiquette, pour porter la voix du handicap. <\/p>\n\n\n\n<p>En 2025, j&rsquo;ai lanc\u00e9 une newsletter <a href=\"https:\/\/walidlevalide.kessel.media\/\">Walid le valide<\/a>, pour tous les valides qui ont envie de se poser des questions avec moi sur le validisme ordinaire (m\u00eame s&rsquo;ils ne s&rsquo;appellent pas Walid).<\/p>\n\n\n\n<p>Fin 2025 j&rsquo;ai quitt\u00e9 NEVAV, Abiliz pour me consacrer \u00e0 l\u2019accompagnement des entreprises sur les sujets d\u2019innovation accessible, de justice sociale, et d&rsquo;\u00e9thique de de la tech. J&rsquo;interviens principalement comme <a href=\"https:\/\/www.charlottedevilmorin.com\/\">conf\u00e9renci\u00e8re, formatrice, ou chroniqueuse<\/a>. Je poursuis \u00e9galement mes travaux d&rsquo;\u00e9criture.<\/p>\n\n\n\n<figure class=\"wp-block-image size-large\"><img loading=\"lazy\" decoding=\"async\" width=\"1024\" height=\"768\" src=\"https:\/\/wheelcome.net\/wp-content\/uploads\/2026\/04\/23e8c00d-6a16-4c56-96b3-f6323d805834-1024x768.jpg\" alt=\"Photo de Charlotte sur un plateau de tournage\" class=\"wp-image-739\" srcset=\"https:\/\/wheelcome.net\/wp-content\/uploads\/2026\/04\/23e8c00d-6a16-4c56-96b3-f6323d805834-1024x768.jpg 1024w, https:\/\/wheelcome.net\/wp-content\/uploads\/2026\/04\/23e8c00d-6a16-4c56-96b3-f6323d805834-300x225.jpg 300w, https:\/\/wheelcome.net\/wp-content\/uploads\/2026\/04\/23e8c00d-6a16-4c56-96b3-f6323d805834-768x576.jpg 768w, https:\/\/wheelcome.net\/wp-content\/uploads\/2026\/04\/23e8c00d-6a16-4c56-96b3-f6323d805834-1536x1152.jpg 1536w, https:\/\/wheelcome.net\/wp-content\/uploads\/2026\/04\/23e8c00d-6a16-4c56-96b3-f6323d805834.jpg 1600w\" sizes=\"auto, (max-width: 1024px) 100vw, 1024px\" \/><\/figure>\n\n\n\n<p>Que nous r\u00e9servera la suite ? #StayTuned<\/p>\n\n\n\n<p><\/p>\n\n\n\n<p class=\"has-text-align-center\"><em><strong>Pour me contacter vous pouvez m&rsquo;\u00e9crire : charlotte@wheelcome.net<\/strong><\/em><\/p>\n","protected":false},"excerpt":{"rendered":"<p>Je m&rsquo;appelle Charlotte de Vilmorin, je suis n\u00e9e en 1990, j&rsquo;ai grandi et je vis \u00e0 Paris et j&rsquo;ai toujours \u00e9t\u00e9 en fauteuil. J&rsquo;ai cr\u00e9\u00e9 ce blog un dimanche soir pluvieux de novembre 2012, pour raconter avec humour \u00e0 mes copains mes gal\u00e8res dans les transports et autres lieux inaccessibles. Je ne m&rsquo;y attendais pas [&hellip;]<\/p>\n","protected":false},"author":2,"featured_media":0,"parent":0,"menu_order":0,"comment_status":"closed","ping_status":"closed","template":"","meta":{"footnotes":""},"class_list":["post-348","page","type-page","status-publish","hentry"],"yoast_head":"<!-- This site is optimized with the Yoast SEO plugin v26.6 - https:\/\/yoast.com\/wordpress\/plugins\/seo\/ -->\n<title>Qui suis-je ? - Wheelcome<\/title>\n<meta name=\"robots\" content=\"index, follow, max-snippet:-1, max-image-preview:large, max-video-preview:-1\" \/>\n<link rel=\"canonical\" href=\"https:\/\/wheelcome.net\/index.php\/charlotte-de-vilmorin-biographie\/\" \/>\n<meta property=\"og:locale\" content=\"fr_FR\" \/>\n<meta property=\"og:type\" content=\"article\" \/>\n<meta property=\"og:title\" content=\"Qui suis-je ? - Wheelcome\" \/>\n<meta property=\"og:description\" content=\"Je m&rsquo;appelle Charlotte de Vilmorin, je suis n\u00e9e en 1990, j&rsquo;ai grandi et je vis \u00e0 Paris et j&rsquo;ai toujours \u00e9t\u00e9 en fauteuil. J&rsquo;ai cr\u00e9\u00e9 ce blog un dimanche soir pluvieux de novembre 2012, pour raconter avec humour \u00e0 mes copains mes gal\u00e8res dans les transports et autres lieux inaccessibles. Je ne m&rsquo;y attendais pas [&hellip;]\" \/>\n<meta property=\"og:url\" content=\"https:\/\/wheelcome.net\/index.php\/charlotte-de-vilmorin-biographie\/\" \/>\n<meta property=\"og:site_name\" content=\"Wheelcome\" \/>\n<meta property=\"article:modified_time\" content=\"2026-04-09T14:14:53+00:00\" \/>\n<meta property=\"og:image\" content=\"https:\/\/wheelcome.net\/wp-content\/uploads\/2023\/11\/Capture-decran-2018-11-16-a-08.16.13.png\" \/>\n\t<meta property=\"og:image:width\" content=\"720\" \/>\n\t<meta property=\"og:image:height\" content=\"738\" \/>\n\t<meta property=\"og:image:type\" content=\"image\/png\" \/>\n<meta name=\"twitter:card\" content=\"summary_large_image\" \/>\n<meta name=\"twitter:label1\" content=\"Dur\u00e9e de lecture estim\u00e9e\" \/>\n\t<meta name=\"twitter:data1\" content=\"3 minutes\" \/>\n<script type=\"application\/ld+json\" class=\"yoast-schema-graph\">{\"@context\":\"https:\/\/schema.org\",\"@graph\":[{\"@type\":\"WebPage\",\"@id\":\"https:\/\/wheelcome.net\/index.php\/charlotte-de-vilmorin-biographie\/\",\"url\":\"https:\/\/wheelcome.net\/index.php\/charlotte-de-vilmorin-biographie\/\",\"name\":\"Qui suis-je ? - Wheelcome\",\"isPartOf\":{\"@id\":\"https:\/\/wheelcome.net\/#website\"},\"primaryImageOfPage\":{\"@id\":\"https:\/\/wheelcome.net\/index.php\/charlotte-de-vilmorin-biographie\/#primaryimage\"},\"image\":{\"@id\":\"https:\/\/wheelcome.net\/index.php\/charlotte-de-vilmorin-biographie\/#primaryimage\"},\"thumbnailUrl\":\"http:\/\/wheelcome.net\/wp-content\/uploads\/2023\/11\/Capture-decran-2018-11-16-a-08.16.13.png\",\"datePublished\":\"2023-11-02T20:00:45+00:00\",\"dateModified\":\"2026-04-09T14:14:53+00:00\",\"breadcrumb\":{\"@id\":\"https:\/\/wheelcome.net\/index.php\/charlotte-de-vilmorin-biographie\/#breadcrumb\"},\"inLanguage\":\"fr-FR\",\"potentialAction\":[{\"@type\":\"ReadAction\",\"target\":[\"https:\/\/wheelcome.net\/index.php\/charlotte-de-vilmorin-biographie\/\"]}]},{\"@type\":\"ImageObject\",\"inLanguage\":\"fr-FR\",\"@id\":\"https:\/\/wheelcome.net\/index.php\/charlotte-de-vilmorin-biographie\/#primaryimage\",\"url\":\"https:\/\/wheelcome.net\/wp-content\/uploads\/2023\/11\/Capture-decran-2018-11-16-a-08.16.13.png\",\"contentUrl\":\"https:\/\/wheelcome.net\/wp-content\/uploads\/2023\/11\/Capture-decran-2018-11-16-a-08.16.13.png\",\"width\":720,\"height\":738},{\"@type\":\"BreadcrumbList\",\"@id\":\"https:\/\/wheelcome.net\/index.php\/charlotte-de-vilmorin-biographie\/#breadcrumb\",\"itemListElement\":[{\"@type\":\"ListItem\",\"position\":1,\"name\":\"Accueil\",\"item\":\"https:\/\/wheelcome.net\/\"},{\"@type\":\"ListItem\",\"position\":2,\"name\":\"Qui suis-je ?\"}]},{\"@type\":\"WebSite\",\"@id\":\"https:\/\/wheelcome.net\/#website\",\"url\":\"https:\/\/wheelcome.net\/\",\"name\":\"Wheelcome\",\"description\":\"Les aventures de Charlotte de Vilmorin - une femme debout bien assise.\",\"publisher\":{\"@id\":\"https:\/\/wheelcome.net\/#organization\"},\"potentialAction\":[{\"@type\":\"SearchAction\",\"target\":{\"@type\":\"EntryPoint\",\"urlTemplate\":\"https:\/\/wheelcome.net\/?s={search_term_string}\"},\"query-input\":{\"@type\":\"PropertyValueSpecification\",\"valueRequired\":true,\"valueName\":\"search_term_string\"}}],\"inLanguage\":\"fr-FR\"},{\"@type\":\"Organization\",\"@id\":\"https:\/\/wheelcome.net\/#organization\",\"name\":\"Wheelcome\",\"url\":\"https:\/\/wheelcome.net\/\",\"logo\":{\"@type\":\"ImageObject\",\"inLanguage\":\"fr-FR\",\"@id\":\"https:\/\/wheelcome.net\/#\/schema\/logo\/image\/\",\"url\":\"https:\/\/wheelcome.net\/wp-content\/uploads\/2022\/07\/cropped-logo-wheelcome-1.png\",\"contentUrl\":\"https:\/\/wheelcome.net\/wp-content\/uploads\/2022\/07\/cropped-logo-wheelcome-1.png\",\"width\":1080,\"height\":1080,\"caption\":\"Wheelcome\"},\"image\":{\"@id\":\"https:\/\/wheelcome.net\/#\/schema\/logo\/image\/\"}}]}<\/script>\n<!-- \/ Yoast SEO plugin. -->","yoast_head_json":{"title":"Qui suis-je ? - Wheelcome","robots":{"index":"index","follow":"follow","max-snippet":"max-snippet:-1","max-image-preview":"max-image-preview:large","max-video-preview":"max-video-preview:-1"},"canonical":"https:\/\/wheelcome.net\/index.php\/charlotte-de-vilmorin-biographie\/","og_locale":"fr_FR","og_type":"article","og_title":"Qui suis-je ? - Wheelcome","og_description":"Je m&rsquo;appelle Charlotte de Vilmorin, je suis n\u00e9e en 1990, j&rsquo;ai grandi et je vis \u00e0 Paris et j&rsquo;ai toujours \u00e9t\u00e9 en fauteuil. J&rsquo;ai cr\u00e9\u00e9 ce blog un dimanche soir pluvieux de novembre 2012, pour raconter avec humour \u00e0 mes copains mes gal\u00e8res dans les transports et autres lieux inaccessibles. Je ne m&rsquo;y attendais pas [&hellip;]","og_url":"https:\/\/wheelcome.net\/index.php\/charlotte-de-vilmorin-biographie\/","og_site_name":"Wheelcome","article_modified_time":"2026-04-09T14:14:53+00:00","og_image":[{"width":720,"height":738,"url":"https:\/\/wheelcome.net\/wp-content\/uploads\/2023\/11\/Capture-decran-2018-11-16-a-08.16.13.png","type":"image\/png"}],"twitter_card":"summary_large_image","twitter_misc":{"Dur\u00e9e de lecture estim\u00e9e":"3 minutes"},"schema":{"@context":"https:\/\/schema.org","@graph":[{"@type":"WebPage","@id":"https:\/\/wheelcome.net\/index.php\/charlotte-de-vilmorin-biographie\/","url":"https:\/\/wheelcome.net\/index.php\/charlotte-de-vilmorin-biographie\/","name":"Qui suis-je ? - Wheelcome","isPartOf":{"@id":"https:\/\/wheelcome.net\/#website"},"primaryImageOfPage":{"@id":"https:\/\/wheelcome.net\/index.php\/charlotte-de-vilmorin-biographie\/#primaryimage"},"image":{"@id":"https:\/\/wheelcome.net\/index.php\/charlotte-de-vilmorin-biographie\/#primaryimage"},"thumbnailUrl":"http:\/\/wheelcome.net\/wp-content\/uploads\/2023\/11\/Capture-decran-2018-11-16-a-08.16.13.png","datePublished":"2023-11-02T20:00:45+00:00","dateModified":"2026-04-09T14:14:53+00:00","breadcrumb":{"@id":"https:\/\/wheelcome.net\/index.php\/charlotte-de-vilmorin-biographie\/#breadcrumb"},"inLanguage":"fr-FR","potentialAction":[{"@type":"ReadAction","target":["https:\/\/wheelcome.net\/index.php\/charlotte-de-vilmorin-biographie\/"]}]},{"@type":"ImageObject","inLanguage":"fr-FR","@id":"https:\/\/wheelcome.net\/index.php\/charlotte-de-vilmorin-biographie\/#primaryimage","url":"https:\/\/wheelcome.net\/wp-content\/uploads\/2023\/11\/Capture-decran-2018-11-16-a-08.16.13.png","contentUrl":"https:\/\/wheelcome.net\/wp-content\/uploads\/2023\/11\/Capture-decran-2018-11-16-a-08.16.13.png","width":720,"height":738},{"@type":"BreadcrumbList","@id":"https:\/\/wheelcome.net\/index.php\/charlotte-de-vilmorin-biographie\/#breadcrumb","itemListElement":[{"@type":"ListItem","position":1,"name":"Accueil","item":"https:\/\/wheelcome.net\/"},{"@type":"ListItem","position":2,"name":"Qui suis-je ?"}]},{"@type":"WebSite","@id":"https:\/\/wheelcome.net\/#website","url":"https:\/\/wheelcome.net\/","name":"Wheelcome","description":"Les aventures de Charlotte de Vilmorin - une femme debout bien assise.","publisher":{"@id":"https:\/\/wheelcome.net\/#organization"},"potentialAction":[{"@type":"SearchAction","target":{"@type":"EntryPoint","urlTemplate":"https:\/\/wheelcome.net\/?s={search_term_string}"},"query-input":{"@type":"PropertyValueSpecification","valueRequired":true,"valueName":"search_term_string"}}],"inLanguage":"fr-FR"},{"@type":"Organization","@id":"https:\/\/wheelcome.net\/#organization","name":"Wheelcome","url":"https:\/\/wheelcome.net\/","logo":{"@type":"ImageObject","inLanguage":"fr-FR","@id":"https:\/\/wheelcome.net\/#\/schema\/logo\/image\/","url":"https:\/\/wheelcome.net\/wp-content\/uploads\/2022\/07\/cropped-logo-wheelcome-1.png","contentUrl":"https:\/\/wheelcome.net\/wp-content\/uploads\/2022\/07\/cropped-logo-wheelcome-1.png","width":1080,"height":1080,"caption":"Wheelcome"},"image":{"@id":"https:\/\/wheelcome.net\/#\/schema\/logo\/image\/"}}]}},"_links":{"self":[{"href":"https:\/\/wheelcome.net\/index.php\/wp-json\/wp\/v2\/pages\/348","targetHints":{"allow":["GET"]}}],"collection":[{"href":"https:\/\/wheelcome.net\/index.php\/wp-json\/wp\/v2\/pages"}],"about":[{"href":"https:\/\/wheelcome.net\/index.php\/wp-json\/wp\/v2\/types\/page"}],"author":[{"embeddable":true,"href":"https:\/\/wheelcome.net\/index.php\/wp-json\/wp\/v2\/users\/2"}],"replies":[{"embeddable":true,"href":"https:\/\/wheelcome.net\/index.php\/wp-json\/wp\/v2\/comments?post=348"}],"version-history":[{"count":17,"href":"https:\/\/wheelcome.net\/index.php\/wp-json\/wp\/v2\/pages\/348\/revisions"}],"predecessor-version":[{"id":742,"href":"https:\/\/wheelcome.net\/index.php\/wp-json\/wp\/v2\/pages\/348\/revisions\/742"}],"wp:attachment":[{"href":"https:\/\/wheelcome.net\/index.php\/wp-json\/wp\/v2\/media?parent=348"}],"curies":[{"name":"wp","href":"https:\/\/api.w.org\/{rel}","templated":true}]}}